{"id":5442,"date":"2026-01-19T23:44:30","date_gmt":"2026-01-19T23:44:30","guid":{"rendered":"https:\/\/www.jesusescovar.com\/?page_id=5442"},"modified":"2026-01-20T02:39:29","modified_gmt":"2026-01-20T02:39:29","slug":"inicio-1","status":"publish","type":"page","link":"https:\/\/www.jesusescovar.com\/","title":{"rendered":"Inicio 1"},"content":{"rendered":"<p>[vc_row full_height=&#8221;yes&#8221; row_content_width=&#8221;grid&#8221;][vc_column offset=&#8221;vc_col-lg-offset-0 vc_col-lg-5 vc_col-md-offset-0 vc_col-md-12 vc_col-sm-offset-0&#8243;][vc_column_text css=&#8221;.vc_custom_1768867962299{margin-bottom: -10px !important;padding-top: 48px !important;}&#8221;]<\/p>\n<h6><span style=\"color: #212121;\">Enero. 2026<\/span><\/h6>\n<p>[\/vc_column_text][vc_column_text css=&#8221;.vc_custom_1768868696526{padding-bottom: 16px !important;}&#8221;]<\/p>\n<h1>JES\u00daS ESCOVAR<\/h1>\n<p>[\/vc_column_text][vc_column_text] \u00a1Hola! Soy dise\u00f1ador autodidacta y multidisciplinario con 15 a\u00f1os creando marcas y soluciones visuales impulsadas por curiosidad y detalle. No estudi\u00e9 dise\u00f1o formalmente: lo aprend\u00ed experimentando, observando y resolviendo problemas de comunicaci\u00f3n con ideas claras y atemporales.<\/p>\n<p>He trabajado con empresas como Banco Pichincha (Per\u00fa), Fundaci\u00f3n Telef\u00f3nica (Ecuador) y Alimentos Alvarigua (Venezuela), desarrollando desde direcci\u00f3n de arte hasta estrategias de marca integrales.[\/vc_column_text][vc_empty_space height=&#8221;70px&#8221;][\/vc_column][vc_column offset=&#8221;vc_col-lg-offset-0 vc_col-lg-7 vc_col-md-offset-0 vc_col-md-12 vc_col-sm-offset-0&#8243;]<div class=\"eltdf-elements-holder   eltdf-one-column  eltdf-responsive-mode-768 \" ><div class=\"eltdf-eh-item    \"  data-item-class=\"eltdf-eh-custom-7168\" data-1280-1600=\"10% 0% 10% 0%\" data-1024-1280=\"12% 0% 0 12%\" data-768-1024=\"0 0 9% 0\" data-680-768=\"0 0 11% 0\" data-680=\"0 0 25% 0\">\n\t<div class=\"eltdf-eh-item-inner\">\n\t\t<div class=\"eltdf-eh-item-content eltdf-eh-custom-7168\" style=\"padding: 0 0 0 0\">\n\t\t\t[vc_single_image image=&#8221;5445&#8243; img_size=&#8221;full&#8221;]\t\t<\/div>\n\t<\/div>\n<\/div><\/div>[\/vc_column][\/vc_row][vc_row][vc_column][vc_column_text]<\/p>\n<h3 style=\"text-align: center;\">Direcci\u00f3n de Arte, Branding, Dise\u00f1o gr\u00e1fico, Estrategia y Consultor\u00eda de marca.<\/h3>\n<h3 style=\"text-align: center;\">Ingl\u00e9s fluido y espa\u00f1ol nativo.<\/h3>\n<p>[\/vc_column_text][\/vc_column][\/vc_row][vc_row][vc_column][\/vc_column][\/vc_row][vc_row row_content_width=&#8221;grid&#8221; css=&#8221;.vc_custom_1508232795705{padding-top: 105px !important;padding-bottom: 128px !important;}&#8221;][vc_column offset=&#8221;vc_col-lg-offset-0 vc_col-lg-12 vc_col-md-offset-0 vc_col-md-12 vc_col-sm-offset-0&#8243;][vc_column_text]<\/p>\n<h2 style=\"text-align: center;\">conectemos<\/h2>\n<p>[\/vc_column_text][vc_column_text css=&#8221;.vc_custom_1768873612277{padding-top: 15px !important;padding-bottom: 15px !important;}&#8221;]<\/p>\n<p style=\"text-align: center;\">&#8220;El mejor dise\u00f1o nace del di\u00e1logo. Si est\u00e1s buscando un colaborador creativo que entienda tu negocio, escuche tus necesidades y traduzca todo eso en marca, identidad y estrategia visual, est\u00e1s en el lugar correcto.<\/p>\n<p>[\/vc_column_text][vc_empty_space height=&#8221;20px&#8221;][vc_row_inner][vc_column_inner width=&#8221;1\/2&#8243;][vc_column_text]<\/p>\n<h4 style=\"text-align: center;\">Tel\u00e9fono: +58 412 284 2198<\/h4>\n<p>[\/vc_column_text][vc_empty_space height=&#8221;35px&#8221;][\/vc_column_inner][vc_column_inner width=&#8221;1\/2&#8243;][vc_column_text]<\/p>\n<h4 style=\"text-align: center;\">Mail: escovarjesus@gmail.com<\/h4>\n<p>[\/vc_column_text][vc_empty_space height=&#8221;35px&#8221;][\/vc_column_inner][\/vc_row_inner][\/vc_column][\/vc_row]<\/p>\n","protected":false},"excerpt":{"rendered":"<p>[vc_row full_height=&#8221;yes&#8221; row_content_width=&#8221;grid&#8221;][vc_column offset=&#8221;vc_col-lg-offset-0 vc_col-lg-5 vc_col-md-offset-0 vc_col-md-12 vc_col-sm-offset-0&#8243;][vc_column_text css=&#8221;.vc_custom_1768867962299{margin-bottom: -10px !important;padding-top: 48px !important;}&#8221;] Enero. 2026 [\/vc_column_text][vc_column_text css=&#8221;.vc_custom_1768868696526{padding-bottom: 16px !important;}&#8221;] JES\u00daS ESCOVAR [\/vc_column_text][vc_column_text] \u00a1Hola! Soy dise\u00f1ador autodidacta y multidisciplinario con 15 a\u00f1os creando marcas y soluciones visuales impulsadas por curiosidad y detalle. No estudi\u00e9 dise\u00f1o formalmente: lo aprend\u00ed experimentando, observando y resolviendo problemas de comunicaci\u00f3n con ideas claras y atemporales. He trabajado con empresas como Banco Pichincha (Per\u00fa), Fundaci\u00f3n Telef\u00f3nica (Ecuador) y Alimentos Alvarigua (Venezuela), desarrollando desde direcci\u00f3n de arte hasta estrategias de marca integrales.[\/vc_column_text][vc_empty_space height=&#8221;70px&#8221;][\/vc_column][vc_column offset=&#8221;vc_col-lg-offset-0 vc_col-lg-7 vc_col-md-offset-0 vc_col-md-12 vc_col-sm-offset-0&#8243;][\/vc_column][\/vc_row][vc_row][vc_column][vc_column_text] Direcci\u00f3n de Arte, Branding, Dise\u00f1o [&hellip;]<\/p>\n","protected":false},"author":1,"featured_media":0,"parent":0,"menu_order":0,"comment_status":"closed","ping_status":"closed","template":"full-width.php","meta":{"footnotes":""},"class_list":["post-5442","page","type-page","status-publish","hentry"],"_links":{"self":[{"href":"https:\/\/www.jesusescovar.com\/index.php?rest_route=\/wp\/v2\/pages\/5442","targetHints":{"allow":["GET"]}}],"collection":[{"href":"https:\/\/www.jesusescovar.com\/index.php?rest_route=\/wp\/v2\/pages"}],"about":[{"href":"https:\/\/www.jesusescovar.com\/index.php?rest_route=\/wp\/v2\/types\/page"}],"author":[{"embeddable":true,"href":"https:\/\/www.jesusescovar.com\/index.php?rest_route=\/wp\/v2\/users\/1"}],"replies":[{"embeddable":true,"href":"https:\/\/www.jesusescovar.com\/index.php?rest_route=%2Fwp%2Fv2%2Fcomments&post=5442"}],"version-history":[{"count":5,"href":"https:\/\/www.jesusescovar.com\/index.php?rest_route=\/wp\/v2\/pages\/5442\/revisions"}],"predecessor-version":[{"id":5451,"href":"https:\/\/www.jesusescovar.com\/index.php?rest_route=\/wp\/v2\/pages\/5442\/revisions\/5451"}],"wp:attachment":[{"href":"https:\/\/www.jesusescovar.com\/index.php?rest_route=%2Fwp%2Fv2%2Fmedia&parent=5442"}],"curies":[{"name":"wp","href":"https:\/\/api.w.org\/{rel}","templated":true}]}}